{"id":10075,"date":"2025-11-12T10:52:27","date_gmt":"2025-11-12T09:52:27","guid":{"rendered":"https:\/\/ccomptes.dz\/consultations-2023\/"},"modified":"2025-11-12T12:46:58","modified_gmt":"2025-11-12T11:46:58","slug":"%d8%a7%d8%b3%d8%aa%d8%b4%d8%a7%d8%b1%d8%a7%d8%aa-2023","status":"publish","type":"page","link":"https:\/\/ccomptes.dz\/ar\/%d8%a7%d8%b3%d8%aa%d8%b4%d8%a7%d8%b1%d8%a7%d8%aa-2023\/","title":{"rendered":"\u0627\u0633\u062a\u0634\u0627\u0631\u0627\u062a 2023"},"content":{"rendered":"<div class=\"wpb-content-wrapper\"><p>[vc_row][vc_column][vc_column_text]<\/p>\n<p style=\"text-align: center;\"><span style=\"text-decoration: underline;\"><span style=\"color: #000000; font-family: 'times new roman', times, serif; font-size: 14pt;\"><strong>Lettre de Consultation N\u00b0015\/2023\/CC<\/strong><\/span><\/span><\/p>\n<p><span style=\"color: #000000; font-family: 'times new roman', times, serif;\">Prolongation de d\u00e9lais\u00a0 relatifs a la consultation N\u00b0015\/2023\/CC<\/span><\/p>\n<p>&nbsp;<\/p>\n<p><span style=\"font-family: 'times new roman', times, serif;\"><strong><span style=\"color: #000000;\">Pour consulter la lettre de consultation,\u00a0cliquez\u00a0<\/span><span style=\"font-size: 14pt;\">\u00a0<span style=\"color: #0000ff;\"><a style=\"color: #0000ff;\" href=\"https:\/\/www.ccomptes.dz\/wp-content\/uploads\/2024\/01\/img20240115_13454684.pdf\">ici<\/a>\u00a0<\/span><\/span><\/strong><\/span><\/p>\n<p style=\"text-align: right;\"><span style=\"color: #3366ff; font-size: 14pt; font-family: 'times new roman', times, serif;\"><strong>Date de publication le 15-01-2024<\/strong><\/span><\/p>\n<hr \/>\n<p>&nbsp;<\/p>\n<p style=\"text-align: center;\"><span style=\"text-decoration: underline;\"><span style=\"color: #000000; font-family: 'times new roman', times, serif; font-size: 14pt;\"><strong>Lettre de Consultation N\u00b0014\/2023\/CC<\/strong><\/span><\/span><\/p>\n<p><span style=\"color: #000000; font-family: 'times new roman', times, serif;\">Prolongation de d\u00e9lais\u00a0 relatifs a la consultation N\u00b0014\/2023\/CC<\/span><\/p>\n<p>&nbsp;<\/p>\n<p><span style=\"font-family: 'times new roman', times, serif;\"><strong><span style=\"color: #000000;\">Pour consulter la lettre de consultation,\u00a0cliquez\u00a0<\/span><span style=\"font-size: 14pt;\">\u00a0<span style=\"color: #0000ff;\"><a style=\"color: #0000ff;\" href=\"https:\/\/www.ccomptes.dz\/wp-content\/uploads\/2024\/04\/IMG20240409121655-1-1.jpg\">ici<\/a>\u00a0\u00a0<\/span><\/span><\/strong><\/span><\/p>\n<p style=\"text-align: right;\"><span style=\"font-family: 'times new roman', times, serif;\"><strong><span style=\"font-size: 14pt;\"><span style=\"color: #0000ff;\"><span style=\"color: #3366ff; font-size: 14pt; font-family: 'times new roman', times, serif;\">Date de publication le 01-01-2024<\/span><\/span><\/span><\/strong><\/span><\/p>\n<hr \/>\n<p style=\"text-align: center;\"><span style=\"text-decoration: underline;\"><span style=\"color: #000000; font-family: 'times new roman', times, serif; font-size: 14pt; text-decoration: underline;\"><strong>Lettre de Consultation N\u00b0013\/2023\/CC<\/strong><\/span><\/span><\/p>\n<p>&nbsp;<\/p>\n<p><span style=\"font-family: 'times new roman', times, serif; color: #000000;\">La Cour des comptes lance une consultation <b>pour l\u2019acquisition d&#8217;une licence antivirale.<\/b><\/span><\/p>\n<p><strong><span style=\"font-family: 'times new roman', times, serif; color: #000000;\">Pour consulter la lettre de consultation,\u00a0cliquez\u00a0\u00a0<\/span><span style=\"font-size: 14pt; color: #0000ff; font-family: 'times new roman', times, serif;\"><a style=\"color: #0000ff;\" href=\"https:\/\/www.ccomptes.dz\/wp-content\/uploads\/2023\/12\/doc06228720231218134023.pdf\">ici<\/a>\u00a0<\/span><\/strong><\/p>\n<p style=\"text-align: right;\"><span style=\"color: #3366ff; font-family: 'times new roman', times, serif; font-size: 14pt;\"><strong>Date de publication le 17-12-2023<\/strong><\/span><\/p>\n<hr \/>\n<p style=\"text-align: center;\"><span style=\"text-decoration: underline;\"><span style=\"color: #000000; font-family: 'times new roman', times, serif; font-size: 14pt; text-decoration: underline;\"><strong>Lettre de Consultation N\u00b0012\/2023\/CC<\/strong><\/span><\/span><\/p>\n<p><span style=\"font-family: 'times new roman', times, serif; color: #000000;\">La Cour des comptes lance une consultation\u00a0pour le renouvellement des licences\u00a0de son pare-feu.<\/span><\/p>\n<p><strong><span style=\"font-family: 'times new roman', times, serif; color: #000000;\">Pour consulter la lettre de consultation,\u00a0cliquez\u00a0<\/span><span style=\"font-size: 14pt; color: #0000ff;\"><em><a style=\"color: #0000ff;\" href=\"https:\/\/www.ccomptes.dz\/wp-content\/uploads\/2023\/12\/consultation11-2023.pdf\">ici<\/a><\/em><\/span><\/strong><\/p>\n<p style=\"text-align: right;\"><span style=\"color: #3366ff; font-family: 'times new roman', times, serif; font-size: 14pt;\"><strong>Date de publication le 17-12-2023<\/strong><\/span><\/p>\n<hr \/>\n<p>&nbsp;<\/p>\n<p style=\"text-align: center;\"><span style=\"text-decoration: underline; font-size: 14pt;\"><span style=\"color: #000000; font-family: 'times new roman', times, serif; text-decoration: underline;\"><strong>Lettre de Consultation N\u00b0011\/2023\/CC<\/strong><\/span><\/span><\/p>\n<p><span style=\"font-family: 'times new roman', times, serif; color: #000000;\">La Cour des comptes lance une consultation\u00a0pour l\u2019acquisition, l\u2019installation et la mise en service d&#8217;\u00e9quipements\u00a0et solutions informatique.<\/span><\/p>\n<p><strong><span style=\"font-family: 'times new roman', times, serif; color: #000000;\">Pour consulter la lettre de consultation,\u00a0cliquez\u00a0<\/span><span style=\"font-size: 14pt; font-family: 'times new roman', times, serif;\"><a href=\"https:\/\/www.ccomptes.dz\/wp-content\/uploads\/2023\/12\/consultation11-2023.pdf\">ici<\/a>\u00a0<\/span><\/strong><\/p>\n<p style=\"text-align: right;\"><span style=\"color: #3366ff; font-size: 14pt; font-family: 'times new roman', times, serif;\"><strong>Date de publication le 29-11-2023<\/strong><\/span><\/p>\n<hr \/>\n<hr \/>\n<p style=\"text-align: center;\"><span style=\"text-decoration: underline;\"><span style=\"font-size: 14pt; font-family: 'times new roman', times, serif; color: #000000; text-decoration: underline;\"><strong>Lettre de Consultation N\u00b010\/2023\/CC<\/strong><\/span><\/span><\/p>\n<p><strong><em>\u00a0<\/em><\/strong><\/p>\n<p style=\"text-align: left;\"><span style=\"font-family: 'times new roman', times, serif;\"><em>\u00a0<\/em><span style=\"color: #000000;\">La direction de l\u2019administration et des moyens de la Cour des comptes lance une consultation pour l\u2019acquisition (fourniture et pose) de douze12 climatiseurs en un 01 seul lot.<\/span><\/span><\/p>\n<p style=\"text-align: left;\"><span style=\"font-family: 'times new roman', times, serif; color: #000000;\">Plus de d\u00e9tails\u00a0:<\/span><\/p>\n<p style=\"text-align: left;\"><span style=\"font-family: 'times new roman', times, serif; color: #000000;\">&#8211; Deux 02 climatiseurs 18000 BTU.<\/span><\/p>\n<p style=\"text-align: left;\"><span style=\"font-family: 'times new roman', times, serif; color: #000000;\">-Six 06 climatiseurs 12000 BTU.<\/span><\/p>\n<p style=\"text-align: left;\"><span style=\"font-family: 'times new roman', times, serif; color: #000000;\">-Quatre 04 \u00a0climatiseurs 9000BTU.<\/span><\/p>\n<p>&nbsp;<\/p>\n<p><span style=\"color: #000000; font-size: 12pt; font-family: 'times new roman', times, serif;\"><b style=\"font-size: 12pt;\">Pour plus de <\/b><b>d\u00e9tail<\/b><b style=\"font-size: 12pt;\">, <\/b>cliquez\u00a0<span style=\"color: #0000ff; font-size: 14pt;\"><strong><a style=\"color: #0000ff;\" href=\"https:\/\/www.ccomptes.dz\/wp-content\/uploads\/2023\/11\/CONSULTATION-N-10.pdf\">\u00a0ici<\/a><\/strong><strong>\u00a0 \u00a0<\/strong><\/span><\/span><\/p>\n<hr \/>\n<p>&nbsp;<\/p>\n<p style=\"text-align: center;\"><span style=\"color: #000000;\"><strong>\u00a0 \u00a0 \u00a0 \u00a0 \u00a0 \u00a0 \u00a0 \u00a0 \u00a0 \u00a0 \u00a0 \u00a0 \u00a0 \u00a0 \u00a0 \u00a0 \u00a0<\/strong><strong>\u00a0 \u00a0 \u00a0 \u00a0 \u00a0 \u00a0 \u00a0 \u00a0 \u00a0 \u00a0 \u00a0 \u00a0 \u00a0 \u00a0 \u00a0 \u00a0<\/strong><\/span><\/p>\n<p style=\"text-align: center;\"><span style=\"text-decoration: underline;\"><span style=\"color: #000000; font-family: 'times new roman', times, serif; font-size: 14pt; text-decoration: underline;\"><strong>Lettre de Consultation <\/strong><strong>N\u00b0009\/2023\/CC<\/strong><\/span><\/span><\/p>\n<p style=\"text-align: center;\"><span style=\"color: #000000;\"><strong>\u00a0<\/strong><\/span><\/p>\n<p style=\"text-align: left;\"><span style=\"color: #000000; font-family: 'times new roman', times, serif;\">La direction de l\u2019administration et des moyens de la Cour des comptes lance une consultation pour l\u2019am\u00e9nagement de la salle d\u2019audience du si\u00e8ge par l\u2019\u00e9quipement en fauteuils de conf\u00e9rence, tribunes, fauteuils et chaises pour les salles de r\u00e9unions.<\/span><\/p>\n<p style=\"text-align: left;\"><span style=\"color: #000000; font-family: 'times new roman', times, serif;\">La pr\u00e9sente consultation comprend 03 lots d\u00e9sign\u00e9s ci-apr\u00e8s\u00a0:<\/span><\/p>\n<p style=\"text-align: left;\"><span style=\"color: #000000; font-family: 'times new roman', times, serif;\">Plus de d\u00e9tails\u00a0:<\/span><\/p>\n<p style=\"text-align: left;\"><span style=\"color: #000000;\"><span style=\"font-family: 'times new roman', times, serif;\"><span style=\"font-size: 14pt;\"><strong>&#8211; Lot n\u00b0 01<\/strong>\u00a0<\/span>:<strong> salle d\u2019audience<\/strong>\u00a0:<\/span><\/span><\/p>\n<p style=\"text-align: left;\"><span style=\"color: #000000; font-family: 'times new roman', times, serif;\">&#8211; Cent treize(113) fauteuils de conf\u00e9rence en ignifuge, avec accoudoir et tablettes (Ecriteaux).<\/span><\/p>\n<p style=\"text-align: left;\"><span style=\"color: #000000; font-family: 'times new roman', times, serif;\">&#8211; Une tribune a trois(03) places en bois massif avec estrade, un fauteuil directionnel et deux(02) fauteuils avec roulettes.<\/span><\/p>\n<p style=\"text-align: left;\"><span style=\"color: #000000; font-family: 'times new roman', times, serif;\">-Deux(02) tribunes \u00e0 une(01) place en bois massif avec estrade avec deux (02) fauteuils en roulettes.<\/span><\/p>\n<p style=\"text-align: left;\"><span style=\"font-family: 'times new roman', times, serif; color: #000000;\"><strong>\u00a0\u00a0 <span style=\"font-size: 14pt;\">&#8211; Lot n\u00b0 02\u00a0<\/span>: salles de r\u00e9union 1<sup>er<\/sup> et 2eme \u00e9tage\u00a0:<\/strong><\/span><\/p>\n<p style=\"text-align: left;\"><span style=\"color: #000000;\"><em>&#8211;<\/em><span style=\"font-family: 'times new roman', times, serif;\">Deux(02) fauteuils directionnels avec roulettes.<\/span><\/span><\/p>\n<p style=\"text-align: left;\"><span style=\"color: #000000; font-family: 'times new roman', times, serif;\">-Vingt(20) chaises de r\u00e9union.<\/span><\/p>\n<p style=\"text-align: left;\"><span style=\"color: #000000; font-family: 'times new roman', times, serif;\"><strong>&#8211; <span style=\"font-size: 14pt;\">Lot n\u00b0 03\u00a0<\/span>: Salle de r\u00e9union 9\u00e9me \u00e9tage\u00a0:<\/strong><\/span><\/p>\n<p style=\"text-align: left;\"><span style=\"color: #000000; font-family: 'times new roman', times, serif;\">-un (01) fauteuils directionnels avec roulettes.<\/span><\/p>\n<p style=\"text-align: left;\"><span style=\"color: #000000; font-family: 'times new roman', times, serif;\">-Trente (30) fauteuils sans roulettes.<\/span><\/p>\n<p><span style=\"color: #000000; font-size: 12pt;\"><span style=\"font-family: 'times new roman', times, serif;\"><b style=\"font-size: 12pt;\">Pour plus de <\/b><b>d\u00e9tail<\/b><b style=\"font-size: 12pt;\">, <\/b>cliquez\u00a0<\/span><span style=\"color: #0000ff;\"><strong><a style=\"color: #0000ff;\" href=\"https:\/\/www.ccomptes.dz\/wp-content\/uploads\/2023\/11\/conslt-parti-site-web.pdf\"><span style=\"font-family: 'times new roman', times, serif; font-size: 14pt;\">ici<\/span><\/a><\/strong><\/span><strong><span style=\"color: #0000ff;\"><span style=\"font-family: 'times new roman', times, serif; font-size: 14pt;\">\u00a0 <\/span><\/span><\/strong><\/span><\/p>\n<p style=\"text-align: right;\"><span style=\"color: #3366ff; font-size: 14pt; font-family: 'times new roman', times, serif;\"><strong>Publi\u00e9 le 19-11-2023<\/strong><\/span><\/p>\n<hr \/>\n<p style=\"text-align: center;\"><strong><span style=\"text-decoration: underline;\"><span style=\"font-family: 'times new roman', times, serif; color: #000000; font-size: 14pt; text-decoration: underline;\">Lettre de Consultation N008\/2023\/CC<\/span><\/span><\/strong><\/p>\n<p><span style=\"color: #000000; font-size: 12pt;\"><strong><span style=\"color: #000000;\"><span style=\"font-family: 'times new roman', times, serif;\">Pour consulter la lettre de consultation, <\/span><span style=\"font-family: 'times new roman', times, serif;\">cliquez\u00a0<\/span><\/span><span style=\"font-size: 14pt; font-family: 'times new roman', times, serif; color: #0000ff;\"><a style=\"color: #0000ff;\" href=\"https:\/\/www.ccomptes.dz\/wp-content\/uploads\/2024\/04\/8-2023.pdf\">ici<\/a><\/span><\/strong><span style=\"font-size: 14pt; font-family: 'times new roman', times, serif; color: #0000ff;\"><strong>\u00a0<\/strong><\/span><\/span><\/p>\n<hr \/>\n<p style=\"text-align: center;\"><strong><span style=\"text-decoration: underline;\"><span style=\"font-family: 'times new roman', times, serif; color: #000000; font-size: 14pt; text-decoration: underline;\">Lettre de Consultation N007\/2023\/CC<\/span><\/span><\/strong><\/p>\n<p><span style=\"color: #000000; font-size: 12pt;\"><strong><span style=\"color: #000000;\"><span style=\"font-family: 'times new roman', times, serif;\">Pour consulter la lettre de consultation, <\/span><span style=\"font-family: 'times new roman', times, serif;\">cliquez\u00a0<\/span><\/span><span style=\"font-size: 14pt; font-family: 'times new roman', times, serif; color: #0000ff;\"><a style=\"color: #0000ff;\" href=\"https:\/\/www.ccomptes.dz\/wp-content\/uploads\/2024\/04\/7-2023.pdf\">ici<\/a><\/span><\/strong><span style=\"font-size: 14pt; font-family: 'times new roman', times, serif; color: #0000ff;\"><strong>\u00a0<\/strong><\/span><\/span><\/p>\n<hr \/>\n<p style=\"text-align: center;\"><strong><span style=\"text-decoration: underline;\"><span style=\"font-family: 'times new roman', times, serif; color: #000000; font-size: 14pt; text-decoration: underline;\">Lettre de Consultation N006\/2023\/CC<\/span><\/span><\/strong><\/p>\n<p><span style=\"color: #000000; font-size: 12pt;\"><strong><span style=\"color: #000000;\"><span style=\"font-family: 'times new roman', times, serif;\">Pour consulter la lettre de consultation, <\/span><span style=\"font-family: 'times new roman', times, serif;\">cliquez\u00a0<\/span><\/span><span style=\"font-size: 14pt; font-family: 'times new roman', times, serif; color: #0000ff;\"><a style=\"color: #0000ff;\" href=\"https:\/\/www.ccomptes.dz\/wp-content\/uploads\/2024\/04\/6-2023.pdf\">ici<\/a><\/span><\/strong><span style=\"font-size: 14pt; font-family: 'times new roman', times, serif; color: #0000ff;\"><strong>\u00a0<\/strong><\/span><\/span><\/p>\n<hr \/>\n<p style=\"text-align: center;\"><strong><span style=\"text-decoration: underline;\"><span style=\"font-family: 'times new roman', times, serif; color: #000000; font-size: 14pt; text-decoration: underline;\">Lettre de Consultation N005\/2023\/CC<\/span><\/span><\/strong><\/p>\n<p><span style=\"color: #000000; font-size: 12pt;\"><strong><span style=\"color: #000000;\"><span style=\"font-family: 'times new roman', times, serif;\">Pour consulter la lettre de consultation, <\/span><span style=\"font-family: 'times new roman', times, serif;\">cliquez\u00a0<\/span><\/span><span style=\"font-size: 14pt; font-family: 'times new roman', times, serif; color: #0000ff;\"><a style=\"color: #0000ff;\" href=\"https:\/\/www.ccomptes.dz\/wp-content\/uploads\/2024\/04\/5-2023.pdf\">ici<\/a><\/span><\/strong><span style=\"font-size: 14pt; font-family: 'times new roman', times, serif; color: #0000ff;\"><strong>\u00a0<\/strong><\/span><\/span><\/p>\n<hr \/>\n<p><span style=\"color: #000000; font-family: 'times new roman', times, serif; font-size: 14pt;\"><strong><em>\u00a0 \u00a0 \u00a0 \u00a0 \u00a0 \u00a0 \u00a0 \u00a0 \u00a0 \u00a0 \u00a0 \u00a0 \u00a0 \u00a0 \u00a0 \u00a0 \u00a0 \u00a0 \u00a0 \u00a0 \u00a0 \u00a0 \u00a0 \u00a0 \u00a0 \u00a0 \u00a0 \u00a0 \u00a0 \u00a0 \u00a0 \u00a0 \u00a0 \u00a0 \u00a0 \u00a0 \u00a0 \u00a0 \u00a0 \u00a0 \u00a0 \u00a0 \u00a0 \u00a0 \u00a0 \u00a0 \u00a0 \u00a0<\/em><\/strong><\/span><\/p>\n<p style=\"text-align: center;\"><span style=\"text-decoration: underline; font-family: 'times new roman', times, serif; font-size: 14pt; color: #000000;\"><b>Avis de prolongation du d\u00e9lai de\u00a0<\/b><b>d\u00e9p\u00f4t<\/b><b>\u00a0des offres\u00a0<\/b><\/span><\/p>\n<p>&nbsp;<\/p>\n<p><span style=\"font-family: 'times new roman', times, serif; color: #000000;\">Prolongation du d\u00e9lai de d\u00e9p\u00f4t\u00a0des offres relatives \u00e0 la consultation n\u00b0004\/2023\/CC du 25 juillet 2023,\u00a0portant sur l\u2019acquisition, l\u2019installation et la mise en service de ventilo-convecteurs.<\/span><\/p>\n<p><strong><span style=\"font-family: 'times new roman', times, serif; color: #000000;\">Pour consulter l\u2019a<b>vis<\/b>,\u00a0cliquez\u00a0<\/span><span style=\"font-family: 'times new roman', times, serif; font-size: 14pt;\"><a href=\"https:\/\/www.ccomptes.dz\/wp-content\/uploads\/2023\/08\/consultation-004.pdf\">ici<\/a><\/span><\/strong><strong>\u00a0<\/strong><\/p>\n<p style=\"text-align: right;\"><span style=\"color: #3366ff; font-family: 'times new roman', times, serif; font-size: 14pt;\"><strong>Date de publication le 09-08-2023<\/strong><\/span><\/p>\n<hr \/>\n<p>&nbsp;<\/p>\n<p style=\"text-align: center;\"><span style=\"text-decoration: underline;\"><span style=\"font-family: 'times new roman', times, serif; font-size: 14pt; color: #000000; text-decoration: underline;\"><b>Avis de prolongation du d\u00e9lai de\u00a0<\/b><b>d\u00e9p\u00f4t<\/b><b>\u00a0des offres<\/b><\/span><\/span><\/p>\n<p style=\"text-align: center;\"><span style=\"text-decoration: underline;\"><span style=\"font-family: 'times new roman', times, serif; font-size: 14pt; color: #000000; text-decoration: underline;\"><b>\u00a0<\/b><\/span><\/span><\/p>\n<p><span style=\"font-family: 'times new roman', times, serif; font-size: 12pt; color: #000000;\">Prolongation du d\u00e9lai de d\u00e9p\u00f4t\u00a0des offres relatives \u00e0 la consultation n\u00b0003\/2023\/CC du 25 juillet 2023,\u00a0portant sur l\u2019acquisition, l\u2019installation et la mise en service d\u2019\u00e9quipements pour Visio-Conf\u00e9rences.<\/span><\/p>\n<p><strong><span style=\"font-family: 'times new roman', times, serif; color: #000000;\">Pour consulter l\u2019a<b>vis<\/b>,\u00a0cliquez\u00a0<\/span><span style=\"font-family: 'times new roman', times, serif; font-size: 14pt;\"><a href=\"https:\/\/www.ccomptes.dz\/wp-content\/uploads\/2023\/08\/consultation-003.pdf\">ici<\/a><\/span><\/strong><span style=\"font-family: 'times new roman', times, serif; font-size: 14pt;\"><strong>\u00a0<\/strong><\/span><\/p>\n<p style=\"text-align: right;\"><span style=\"color: #3366ff; font-size: 14pt; font-family: 'times new roman', times, serif;\"><strong>Date de publication le 09-08-2023<\/strong><\/span><\/p>\n<hr \/>\n<p>&nbsp;<\/p>\n<p style=\"text-align: center;\"><span style=\"text-decoration: underline; color: #000000;\"><span style=\"font-size: 14pt; font-family: 'times new roman', times, serif;\"><strong>Lettre de Consultation N\u00b0004\/2023\/CC<\/strong><\/span><\/span><\/p>\n<p>&nbsp;<\/p>\n<p><span style=\"font-family: 'times new roman', times, serif; color: #000000;\">La Cour des comptes lance une consultation <strong>pour l\u2019acquisition, l\u2019installation et la mise en service de ventilo-convecteurs (chaud et froid ).<\/strong><\/span><\/p>\n<p><span style=\"color: #000000; font-size: 12pt;\"><strong><span style=\"color: #000000;\"><span style=\"font-family: 'times new roman', times, serif;\">Pour consulter la lettre de consultation, <\/span><span style=\"font-family: 'times new roman', times, serif;\">cliquez\u00a0<\/span><\/span><span style=\"font-size: 14pt; font-family: 'times new roman', times, serif; color: #0000ff;\"><a style=\"color: #0000ff;\" href=\"https:\/\/www.ccomptes.dz\/wp-content\/uploads\/2023\/07\/Ventilo-convecteurs.pdf\">ici<\/a><\/span><\/strong><span style=\"font-size: 14pt; font-family: 'times new roman', times, serif; color: #0000ff;\"><strong>\u00a0<\/strong><\/span><\/span><\/p>\n<p style=\"text-align: right;\"><span style=\"color: #3366ff; font-family: 'times new roman', times, serif; font-size: 14pt;\"><strong>Date de publication le 25-07-2023<\/strong><\/span><\/p>\n<hr \/>\n<p>&nbsp;<\/p>\n<p style=\"text-align: center;\"><span style=\"text-decoration: underline; color: #000000;\"><span style=\"font-family: 'times new roman', times, serif; font-size: 14pt;\"><strong>Lettre de Consultation N\u00b0003\/2023\/CC<\/strong><\/span><\/span><\/p>\n<p>&nbsp;<\/p>\n<p><span style=\"font-family: 'times new roman', times, serif; color: #000000;\">La Cour des comptes lance une consultation <strong>pour l\u2019acquisition, l\u2019installation et la mise en service d\u2019\u00e9quipements pour Visio-Conf\u00e9rences.<\/strong><\/span><\/p>\n<p><span style=\"color: #000000; font-size: 12pt;\"><strong><span style=\"color: #000000;\"><span style=\"font-family: 'times new roman', times, serif; font-size: 12pt;\">Pour consulter la lettre de consultation, <\/span><span style=\"font-family: 'times new roman', times, serif; font-size: 12pt;\">cliquez<span style=\"font-size: 14pt; color: #0000ff;\">\u00a0<\/span><\/span><\/span><span style=\"font-size: 14pt; color: #0000ff;\"><em><a style=\"color: #0000ff;\" href=\"https:\/\/www.ccomptes.dz\/wp-content\/uploads\/2023\/07\/Equipements-pour-Visio-Conf\u00e9rences.pdf\">ici<\/a><\/em><em>\u00a0<\/em><\/span><\/strong><\/span><\/p>\n<p style=\"text-align: right;\"><span style=\"color: #3366ff; font-family: 'times new roman', times, serif; font-size: 14pt;\"><strong>Date de publication le 25-07-2023<\/strong><\/span><\/p>\n<hr \/>\n<p>&nbsp;<\/p>\n<p style=\"text-align: center;\"><strong><span style=\"text-decoration: underline; font-size: 14pt;\"><span style=\"font-family: 'times new roman', times, serif; color: #000000; text-decoration: underline;\">Lettre de Consultation N 002\/2023\/CC<\/span><\/span><\/strong><\/p>\n<p>&nbsp;<\/p>\n<p><span style=\"color: #000000; font-size: 12pt;\"><strong><span style=\"color: #000000;\"><span style=\"font-family: 'times new roman', times, serif; font-size: 12pt;\">Pour consulter la lettre de consultation, <\/span><span style=\"font-family: 'times new roman', times, serif; font-size: 12pt;\">cliquez<span style=\"font-size: 14pt; color: #0000ff;\">\u00a0<\/span><\/span><\/span><span style=\"font-size: 14pt; color: #0000ff;\"><em><a style=\"color: #0000ff;\" href=\"https:\/\/www.ccomptes.dz\/wp-content\/uploads\/2024\/04\/2-2023.pdf\">ici<\/a><\/em><em>\u00a0<\/em><\/span><\/strong><\/span><\/p>\n<p>&nbsp;<\/p>\n<hr \/>\n<p>&nbsp;<\/p>\n<p style=\"text-align: center;\"><strong><span style=\"text-decoration: underline; font-size: 14pt;\"><span style=\"font-family: 'times new roman', times, serif; color: #000000; text-decoration: underline;\">Lettre de Consultation N 001\/2023\/CC<\/span><\/span><\/strong><\/p>\n<p>&nbsp;<\/p>\n<p><span style=\"color: #000000; font-size: 12pt;\"><strong><span style=\"color: #000000;\"><span style=\"font-family: 'times new roman', times, serif; font-size: 12pt;\">Pour consulter la lettre de consultation, <\/span><span style=\"font-family: 'times new roman', times, serif; font-size: 12pt;\">cliquez<span style=\"font-size: 14pt; color: #0000ff;\">\u00a0<\/span><\/span><\/span><span style=\"font-size: 14pt; color: #0000ff;\"><em><a style=\"color: #0000ff;\" href=\"https:\/\/www.ccomptes.dz\/wp-content\/uploads\/2024\/04\/IMG20240416112351.pdf\">ici<\/a><\/em><em>\u00a0<\/em><\/span><\/strong><\/span>[\/vc_column_text][\/vc_column][\/vc_row][vc_row][vc_column][vc_btn title=&#8221;\u0627\u0644\u0639\u0648\u062f\u0629 \u0625\u0644\u0649 \u0635\u0641\u062d\u0629 \u0627\u0644\u0627\u0633\u062a\u0634\u0627\u0631\u0627\u062a&#8221; color=&#8221;inverse&#8221; size=&#8221;lg&#8221; align=&#8221;center&#8221; css=&#8221;&#8221; link=&#8221;url:%20https%3A%2F%2Fccomptes.dz%2Far%2F%D8%A7%D8%B3%D8%AA%D8%B4%D8%A7%D8%B1%D8%A7%D8%AA-%D8%A7%D9%84%D8%B3%D9%86%D8%A9-%D8%A7%D9%84%D8%AC%D8%A7%D8%B1%D9%8A%D8%A9%2F%20&#8243;][\/vc_column][\/vc_row]<\/p>\n<\/div>","protected":false},"excerpt":{"rendered":"<p>[vc_row][vc_column][vc_column_text] Lettre de Consultation N\u00b0015\/2023\/CC Prolongation de d\u00e9lais\u00a0 relatifs a la consultation N\u00b0015\/2023\/CC &nbsp; Pour consulter la lettre de consultation,\u00a0cliquez\u00a0\u00a0ici\u00a0 [&hellip;]<\/p>\n","protected":false},"author":5,"featured_media":0,"parent":0,"menu_order":0,"comment_status":"closed","ping_status":"closed","template":"","meta":{"footnotes":""},"class_list":["post-10075","page","type-page","status-publish","hentry"],"_links":{"self":[{"href":"https:\/\/ccomptes.dz\/ar\/wp-json\/wp\/v2\/pages\/10075","targetHints":{"allow":["GET"]}}],"collection":[{"href":"https:\/\/ccomptes.dz\/ar\/wp-json\/wp\/v2\/pages"}],"about":[{"href":"https:\/\/ccomptes.dz\/ar\/wp-json\/wp\/v2\/types\/page"}],"author":[{"embeddable":true,"href":"https:\/\/ccomptes.dz\/ar\/wp-json\/wp\/v2\/users\/5"}],"replies":[{"embeddable":true,"href":"https:\/\/ccomptes.dz\/ar\/wp-json\/wp\/v2\/comments?post=10075"}],"version-history":[{"count":4,"href":"https:\/\/ccomptes.dz\/ar\/wp-json\/wp\/v2\/pages\/10075\/revisions"}],"predecessor-version":[{"id":10086,"href":"https:\/\/ccomptes.dz\/ar\/wp-json\/wp\/v2\/pages\/10075\/revisions\/10086"}],"wp:attachment":[{"href":"https:\/\/ccomptes.dz\/ar\/wp-json\/wp\/v2\/media?parent=10075"}],"curies":[{"name":"wp","href":"https:\/\/api.w.org\/{rel}","templated":true}]}}